{"id":1759,"date":"2024-12-22T11:17:41","date_gmt":"2024-12-22T14:17:41","guid":{"rendered":"https:\/\/www.shangrila.cl\/?page_id=1759"},"modified":"2026-01-06T19:15:43","modified_gmt":"2026-01-06T22:15:43","slug":"preguntas-frecuentes","status":"publish","type":"page","link":"https:\/\/www.shangrila.cl\/en\/preguntas-frecuentes\/","title":{"rendered":"Preguntas frecuentes"},"content":{"rendered":"\t\t<div data-elementor-type=\"wp-page\" data-elementor-id=\"1759\" class=\"elementor elementor-1759\">\n\t\t\t\t\t\t\t\t\t<section class=\"elementor-section elementor-top-section elementor-element elementor-element-df24386 elementor-section-boxed elementor-section-height-default elementor-section-height-default\" data-id=\"df24386\" data-element_type=\"section\">\n\t\t\t\t\t\t<div class=\"elementor-container elementor-column-gap-default\">\n\t\t\t\t\t<div class=\"elementor-column elementor-col-100 elementor-top-column elementor-element elementor-element-43112a3\" data-id=\"43112a3\" data-element_type=\"column\">\n\t\t\t<div class=\"elementor-widget-wrap elementor-element-populated\">\n\t\t\t\t\t\t\t\t<div class=\"elementor-element elementor-element-08a1935 elementor-widget elementor-widget-text-editor\" data-id=\"08a1935\" data-element_type=\"widget\" data-widget_type=\"text-editor.default\">\n\t\t\t\t<div class=\"elementor-widget-container\">\n\t\t\t\t\t\t\t<p style=\"margin-bottom: 0px; font-stretch: normal; line-height: normal; font-size-adjust: none; font-kerning: auto; font-variant-alternates: normal; font-variant-ligatures: normal; font-variant-numeric: normal; font-variant-east-asian: normal; font-variant-position: normal; font-feature-settings: normal; font-optical-sizing: auto; font-variation-settings: normal; text-align: center;\"><b style=\"font-family: 'Helvetica Neue'; font-size: 13px;\">Donde queda ubicado el Lodge?<\/b><br><span style=\"font-family: 'Helvetica Neue'; font-size: 13px;\">El Lodge se encuentra en la Sexta Regi\u00f3n, Provincia de<\/span><br><span style=\"font-family: 'Helvetica Neue'; font-size: 13px;\">Colchagua, Comuna de San Fernando, 18 kms al oriente.<\/span><br><span style=\"font-family: Helvetica Neue; font-size: small;\"><br><\/span><b style=\"font-family: 'Helvetica Neue'; font-size: 13px;\">A qu\u00e9 distancia est\u00e1 el Lodge de Santiago?<\/b><br><span style=\"font-family: 'Helvetica Neue'; font-size: 13px;\">Aproximadamente a 165 kms (2 horas 15 minutos)<\/span><br><span style=\"font-family: Helvetica Neue; font-size: small;\"><br><\/span><b style=\"font-family: 'Helvetica Neue'; font-size: 13px;\">C\u00f3mo es el camino para llegar al Lodge?<\/b><br><span style=\"font-family: 'Helvetica Neue'; font-size: 13px;\">El camino se encuentra \u00edntegramente pavimentado, con<\/span><br><span style=\"font-family: 'Helvetica Neue'; font-size: 13px;\">excepci\u00f3n de aproximadamente unos 3 kil\u00f3metros, que a\u00fan es un<\/span><br><span style=\"font-family: 'Helvetica Neue'; font-size: 13px;\">camino de tierra, pero transitable por cualquier clase de veh\u00edculos<\/span><br><span style=\"font-family: Helvetica Neue; font-size: small;\"><br><\/span><b style=\"font-family: 'Helvetica Neue'; font-size: 13px;\">C\u00f3mo puedo llegar al Lodge si no tengo medio de<\/b><br><b style=\"font-family: 'Helvetica Neue'; font-size: 13px;\">locomoci\u00f3n propia?<\/b><br><span style=\"font-family: 'Helvetica Neue'; font-size: 13px;\">Desde el terminal Santiago tomas cualquier bus<\/span><br><span style=\"font-family: 'Helvetica Neue'; font-size: 13px;\">interprovincial que llegue a San Fernando o desde la Estaci\u00f3n<\/span><br><span style=\"font-family: 'Helvetica Neue'; font-size: 13px;\">Central un tren, te bajas en San Fernando y tomas un taxi que te lleva<\/span><br><span style=\"font-family: 'Helvetica Neue'; font-size: 13px;\">directamente al Lodge (nosotros podemos darte el nombre de un<\/span><br><span style=\"font-family: 'Helvetica Neue'; font-size: 13px;\">taxista para este efecto).<\/span><br><span style=\"font-family: Helvetica Neue; font-size: small;\"><br><\/span><b style=\"font-family: 'Helvetica Neue'; font-size: 13px;\">Cu\u00e1ntas caba\u00f1as y de que capacidades cuenta el Lodge?<\/b><br><span style=\"font-family: 'Helvetica Neue'; font-size: 13px;\">Shangri-La Lodge cuenta con 10 caba\u00f1as (3 caba\u00f1as<\/span><br><span style=\"font-family: 'Helvetica Neue'; font-size: 13px;\">con capacidad hasta para 2 personas, 2 caba\u00f1as con capacidad<\/span><br><span style=\"font-family: 'Helvetica Neue'; font-size: 13px;\">hasta para 4 personas, 2 caba\u00f1a con capacidad hasta para 5<\/span><br><span style=\"font-family: 'Helvetica Neue'; font-size: 13px;\">personas, 2 caba\u00f1as con capacidad hasta para 6 personas y 1<\/span><br><span style=\"font-family: 'Helvetica Neue'; font-size: 13px;\">caba\u00f1a con capacidad hasta para 9), durante la temporada de<\/span><br><span style=\"font-family: 'Helvetica Neue'; font-size: 13px;\">verano, levantamos 2 domos carpa con capacidad hasta para 2<\/span><br><span style=\"font-family: 'Helvetica Neue'; font-size: 13px;\">personas. En nuestra p\u00e1gina web www.shangrila.cl puedes<\/span><br><span style=\"font-family: 'Helvetica Neue'; font-size: 13px;\">encontrar una descripci\u00f3n completa y fotograf\u00edas de cada una de<\/span><br><span style=\"font-family: 'Helvetica Neue'; font-size: 13px;\">nuestras caba\u00f1as, como tambi\u00e9n de sus interiores y exteriores.<\/span><br><span style=\"font-family: Helvetica Neue; font-size: small;\"><br><\/span><b style=\"font-family: 'Helvetica Neue'; font-size: 13px;\">Qu\u00e9 clase de equipamiento cuentan las caba\u00f1as?<\/b><br><span style=\"font-family: 'Helvetica Neue'; font-size: 13px;\">Las caba\u00f1as est\u00e1n completamente amobladas, camas,<\/span><br><span style=\"font-family: 'Helvetica Neue'; font-size: 13px;\">frazadas, s\u00e1banas, muebles, refrigerador (las grandes), frigobar (las<\/span><br><span style=\"font-family: 'Helvetica Neue'; font-size: 13px;\">peque\u00f1as), cocina a gas licuado (las grandes), cocina el\u00e9ctrica las<\/span><br><span style=\"font-family: 'Helvetica Neue'; font-size: 13px;\">peque\u00f1as) microonda, tostador y hervidor el\u00e9ctrico, platos, vasos,<\/span><br><span style=\"font-family: 'Helvetica Neue'; font-size: 13px;\">cuchiller\u00eda, TV con conexi\u00f3n a Directv, Internet, WIFI, etc.<\/span><br><span style=\"font-family: Helvetica Neue; font-size: small;\"><br><\/span><b style=\"font-family: 'Helvetica Neue'; font-size: 13px;\">Cu\u00e1l es el valor diario de las caba\u00f1as?<\/b><br><span style=\"font-family: 'Helvetica Neue'; font-size: 13px;\">Las caba\u00f1as tienen una tarifa diaria de arriendo entre<\/span><br><span style=\"font-family: 'Helvetica Neue'; font-size: 13px;\">$110.000 y $160.000, dependiendo de la amplitud de la caba\u00f1a,<\/span><br><span style=\"font-family: 'Helvetica Neue'; font-size: 13px;\">vista, comodidad, etc en nuestra p\u00e1gina web www.shangrila.cl<\/span><br><span style=\"font-family: 'Helvetica Neue'; font-size: 13px;\">puede consultar las tarifas de cada una de las caba\u00f1as del Lodge.<\/span><br><span style=\"font-family: Helvetica Neue; font-size: small;\"><br><\/span><b style=\"font-family: 'Helvetica Neue'; font-size: 13px;\">Cuenta el Lodge con Restaurante?<\/b><br><span style=\"font-family: 'Helvetica Neue'; font-size: 13px;\">El Lodge cuenta con excelente restaurante que ofrece a<\/span><br><span style=\"font-family: 'Helvetica Neue'; font-size: 13px;\">todos nuestros hu\u00e9spedes las 3 comidas b\u00e1sicas diarias (desayuno,<\/span><br><span style=\"font-family: 'Helvetica Neue'; font-size: 13px;\">almuerzo y cena), que puede ser en base a Pensi\u00f3n completa, que<\/span><br><span style=\"font-family: 'Helvetica Neue'; font-size: 13px;\">incluye desayuno, almuerzo y cena, por un valor de $30.000 diarios<\/span><br><span style=\"font-family: 'Helvetica Neue'; font-size: 13px;\">por persona, media pensi\u00f3n, que incluye desayuno y almuerzo o<\/span><br><span style=\"font-family: 'Helvetica Neue'; font-size: 13px;\">cena, por un valor de $20.000 y Men\u00fa del d\u00eda en base a un plato de<\/span><br><span style=\"font-family: 'Helvetica Neue'; font-size: 13px;\">fondo a elecci\u00f3n, entre 3 alternativas por un valor de $12.500 por<\/span><br><span style=\"font-family: 'Helvetica Neue'; font-size: 13px;\">personas, tambi\u00e9n contamos con men\u00fa para ni\u00f1os y servicio a la<\/span><br><span style=\"font-family: 'Helvetica Neue'; font-size: 13px;\">carta en base a platos y guisos especiales. Sugerimos a quienes<\/span><br><span style=\"font-family: 'Helvetica Neue'; font-size: 13px;\">desean contratar alg\u00fan servicio de alimentaci\u00f3n que lo anuncien al<\/span><br><span style=\"font-family: 'Helvetica Neue'; font-size: 13px;\">encargado del Lodge al momento de efectuar el check in.<\/span><br><span style=\"font-family: Helvetica Neue; font-size: small;\"><br><\/span><b style=\"font-family: 'Helvetica Neue'; font-size: 13px;\">Qu\u00e9 entretencion cuenta el Lodge para sus pasajeros?<\/b><br><span style=\"font-family: 'Helvetica Neue'; font-size: 13px;\">El Lodge cuenta con una ubicaci\u00f3n privilegiada, a orillas del r\u00edo<\/span><br><span style=\"font-family: 'Helvetica Neue'; font-size: 13px;\">Claro, en que sus caba\u00f1as se encuentran algunas a s\u00f3lo pocos<\/span><br><span style=\"font-family: 'Helvetica Neue'; font-size: 13px;\">metros del r\u00edo (10 metros), otras a 15 a 20 metros y la m\u00e1s lejana a<\/span><br><span style=\"font-family: 'Helvetica Neue'; font-size: 13px;\">nos 60 metros. En temporada estival el r\u00edo es la gran atracci\u00f3n para&nbsp;<\/span><br><span style=\"font-family: 'Helvetica Neue'; font-size: 13px;\">grandes y especialmente para los j\u00f3venes y ni\u00f1os, ya que corre casi sin<\/span><br><span style=\"font-family: 'Helvetica Neue'; font-size: 13px;\">corriente, lo que permite a los adultos y ni\u00f1os, tomando las<\/span><br><span style=\"font-family: 'Helvetica Neue'; font-size: 13px;\">precauciones del caso, ba\u00f1arse sin mayor peligro. Una vez pasados<\/span><br><span style=\"font-family: 'Helvetica Neue'; font-size: 13px;\">los deshielos de los meses de Octubre y Noviembre, el r\u00edo toma uncolor<\/span><br><span style=\"font-family: 'Helvetica Neue'; font-size: 13px;\">turquesa y sus aguas una agradable temperatura de 20 a 22\u00b0C,<\/span><br><span style=\"font-family: 'Helvetica Neue'; font-size: 13px;\">lo que es un agrado que se puede disfrutar hasta entrada la noche.<\/span><br><span style=\"font-family: 'Helvetica Neue'; font-size: 13px;\">Recorrer el r\u00edo, caminando por su orilla, ya sea hacia el oriente o al<\/span><br><span style=\"font-family: 'Helvetica Neue'; font-size: 13px;\">poniente, es muy entretenido y los ni\u00f1os lo disfrutan mucho. Esta<\/span><br><span style=\"font-family: 'Helvetica Neue'; font-size: 13px;\">actividad se puede hacer durante invierno o verano. Tambi\u00e9n hay<\/span><br><span style=\"font-family: 'Helvetica Neue'; font-size: 13px;\">circuitos para hacer trecking dentro del mismo predio de nuestro<\/span><br><span style=\"font-family: 'Helvetica Neue'; font-size: 13px;\">recinto y tambi\u00e9n hacia otros lugares cercanos que se encuentran<\/span><br><span style=\"font-family: 'Helvetica Neue'; font-size: 13px;\">abiertos. El Lodge cuenta adem\u00e1s con sauna y con ba\u00f1os en tinaja&nbsp;<\/span><br><span style=\"font-family: 'Helvetica Neue'; font-size: 13px;\">de agua caliente, los que se pueden tomar incluso en la noche y en invierno<\/span><br><span style=\"font-family: 'Helvetica Neue'; font-size: 13px;\">siendo ambos sumamente relajantes. Los ba\u00f1os y el sauna tienen<\/span><br><span style=\"font-family: 'Helvetica Neue'; font-size: 13px;\">un costo adicional $30.000 y $10.000, respectivamente, hasta por 2<\/span><br><span style=\"font-family: 'Helvetica Neue'; font-size: 13px;\">horas y 30 minutos respectivamente.<\/span><br><span style=\"font-family: Helvetica Neue; font-size: small;\"><br><\/span><b style=\"font-family: 'Helvetica Neue'; font-size: 13px;\">C\u00f3mo se hacen las reservas?<\/b><br><span style=\"font-family: 'Helvetica Neue'; font-size: 13px;\">La reservas se hacen mediante correo electr\u00f3nico<\/span><br><span style=\"font-family: 'Helvetica Neue'; font-size: 13px;\">dirigido a info@shangrila.cl Tienes que enviar tu nombre completo,<\/span><br><span style=\"font-family: 'Helvetica Neue'; font-size: 13px;\">direcci\u00f3n, tel\u00e9fono, n\u00famero de RUT, fecha de ingreso y salida,<\/span><br><span style=\"font-family: 'Helvetica Neue'; font-size: 13px;\">numero de personas y nombre de la caba\u00f1a que quieres arrendar.<\/span><br><span style=\"font-family: 'Helvetica Neue'; font-size: 13px;\">Despu\u00e9s de lo anterior nosotros te confirmamos la reserva y te<\/span><br><span style=\"font-family: 'Helvetica Neue'; font-size: 13px;\">damos la informaci\u00f3n para el pago del 50% de la renta de arriendo<\/span><br><span style=\"font-family: 'Helvetica Neue'; font-size: 13px;\">de la caba\u00f1a, lo que se puede pagar mediante transferencia<\/span><br><span style=\"font-family: 'Helvetica Neue'; font-size: 13px;\">bancaria o con tarjeta de cr\u00e9dito o d\u00e9bito, el saldo se paga en el<\/span><br><span style=\"font-family: 'Helvetica Neue'; font-size: 13px;\">Lodge al momento del check in, con id\u00e9nticos medios de pago<\/span><br><span style=\"font-family: Helvetica Neue; font-size: small;\"><br><\/span><b style=\"font-family: 'Helvetica Neue'; font-size: 13px;\">Se aceptan mascotas?<\/b><br><span style=\"font-family: 'Helvetica Neue'; font-size: 13px;\">Si somos un Lodge Pet Frendly, tenemos mucho espacio<\/span><br><span style=\"font-family: 'Helvetica Neue'; font-size: 13px;\">para compartir con nuestras mascotas. Eso si es fundamental que<\/span><br><span style=\"font-family: 'Helvetica Neue'; font-size: 13px;\">el due\u00f1o de la mascota se preocupe de limpiar su basura y pasear a<\/span><br><span style=\"font-family: 'Helvetica Neue'; font-size: 13px;\">la mascota con correa por seguridad de esta y del resto de los<\/span><br><span style=\"font-family: 'Helvetica Neue'; font-size: 13px;\">pasajeros del lugar. El costo es de $10.000 pesos por mascota para efectos de limpieza.<\/span><\/p>\t\t\t\t\t\t<\/div>\n\t\t\t\t<\/div>\n\t\t\t\t\t<\/div>\n\t\t<\/div>\n\t\t\t\t\t\t\t<\/div>\n\t\t<\/section>\n\t\t\t\t\t\t\t<\/div>\n\t\t","protected":false},"excerpt":{"rendered":"<p>Donde queda ubicado el Lodge?El Lodge se encuentra en la Sexta Regi\u00f3n, Provincia deColchagua, Comuna de San Fernando, 18 kms al oriente. A qu\u00e9 distancia est\u00e1 el Lodge de Santiago?Aproximadamente a 165 kms (2 horas 15 minutos) C\u00f3mo es el camino para llegar al Lodge?El camino se encuentra \u00edntegramente pavimentado, conexcepci\u00f3n de aproximadamente unos 3 [&hellip;]<\/p>\n","protected":false},"author":2,"featured_media":0,"parent":0,"menu_order":0,"comment_status":"closed","ping_status":"closed","template":"","meta":{"footnotes":""},"class_list":["post-1759","page","type-page","status-publish","hentry"],"_links":{"self":[{"href":"https:\/\/www.shangrila.cl\/en\/wp-json\/wp\/v2\/pages\/1759","targetHints":{"allow":["GET"]}}],"collection":[{"href":"https:\/\/www.shangrila.cl\/en\/wp-json\/wp\/v2\/pages"}],"about":[{"href":"https:\/\/www.shangrila.cl\/en\/wp-json\/wp\/v2\/types\/page"}],"author":[{"embeddable":true,"href":"https:\/\/www.shangrila.cl\/en\/wp-json\/wp\/v2\/users\/2"}],"replies":[{"embeddable":true,"href":"https:\/\/www.shangrila.cl\/en\/wp-json\/wp\/v2\/comments?post=1759"}],"version-history":[{"count":13,"href":"https:\/\/www.shangrila.cl\/en\/wp-json\/wp\/v2\/pages\/1759\/revisions"}],"predecessor-version":[{"id":2175,"href":"https:\/\/www.shangrila.cl\/en\/wp-json\/wp\/v2\/pages\/1759\/revisions\/2175"}],"wp:attachment":[{"href":"https:\/\/www.shangrila.cl\/en\/wp-json\/wp\/v2\/media?parent=1759"}],"curies":[{"name":"wp","href":"https:\/\/api.w.org\/{rel}","templated":true}]}}