{"id":452,"date":"2017-05-16T08:59:16","date_gmt":"2017-05-16T12:59:16","guid":{"rendered":"http:\/\/www.shangrila.cl\/?page_id=452"},"modified":"2025-06-17T11:55:14","modified_gmt":"2025-06-17T15:55:14","slug":"spa","status":"publish","type":"page","link":"https:\/\/www.shangrila.cl\/en\/spa\/","title":{"rendered":"SPA"},"content":{"rendered":"\t\t<div data-elementor-type=\"wp-page\" data-elementor-id=\"452\" class=\"elementor elementor-452\">\n\t\t\t\t\t\t\t\t\t<section class=\"elementor-section elementor-top-section elementor-element elementor-element-ed41add elementor-section-boxed elementor-section-height-default elementor-section-height-default\" data-id=\"ed41add\" data-element_type=\"section\">\n\t\t\t\t\t\t<div class=\"elementor-container elementor-column-gap-default\">\n\t\t\t\t\t<div class=\"elementor-column elementor-col-100 elementor-top-column elementor-element elementor-element-60a2b46\" data-id=\"60a2b46\" data-element_type=\"column\">\n\t\t\t<div class=\"elementor-widget-wrap elementor-element-populated\">\n\t\t\t\t\t\t\t\t<div class=\"elementor-element elementor-element-3ebedc7 elementor-widget elementor-widget-image\" data-id=\"3ebedc7\" data-element_type=\"widget\" data-widget_type=\"image.default\">\n\t\t\t\t<div class=\"elementor-widget-container\">\n\t\t\t\t\t\t\t\t\t\t\t\t\t\t\t<img decoding=\"async\" src=\"https:\/\/www.shangrila.cl\/wp-content\/uploads\/elementor\/thumbs\/DSC09703-scaled-qsqyqn7dpoxvcv3i1z91lmqgytwvk0fdqrtzb5h0nc.jpg\" title=\"DSC09703\" alt=\"DSC09703\" loading=\"lazy\" \/>\t\t\t\t\t\t\t\t\t\t\t\t\t\t\t<\/div>\n\t\t\t\t<\/div>\n\t\t\t\t\t<\/div>\n\t\t<\/div>\n\t\t\t\t\t\t\t<\/div>\n\t\t<\/section>\n\t\t\t\t<section class=\"elementor-section elementor-top-section elementor-element elementor-element-559cb57a elementor-section-boxed elementor-section-height-default elementor-section-height-default\" data-id=\"559cb57a\" data-element_type=\"section\">\n\t\t\t\t\t\t<div class=\"elementor-container elementor-column-gap-default\">\n\t\t\t\t\t<div class=\"elementor-column elementor-col-100 elementor-top-column elementor-element elementor-element-7e622022\" data-id=\"7e622022\" data-element_type=\"column\">\n\t\t\t<div class=\"elementor-widget-wrap elementor-element-populated\">\n\t\t\t\t\t\t\t\t<div class=\"elementor-element elementor-element-7b7c2a58 elementor-widget elementor-widget-text-editor\" data-id=\"7b7c2a58\" data-element_type=\"widget\" data-widget_type=\"text-editor.default\">\n\t\t\t\t<div class=\"elementor-widget-container\">\n\t\t\t\t\t\t\t<p style=\"text-align: center;\"><strong>Shangri-La cuenta con un SPA a orillas de r\u00edo, en un lugar rodeado de naturaleza y sonidos de p\u00e1jaros un precioso lugar donde podr\u00e1s disfrutar de un masaje de relajaci\u00f3n, Hot Tub y sauna. <\/strong><strong>Adem\u00e1s, durante el verano, realizamos los fines de semana una sesi\u00f3n de sonoterapia. <\/strong><\/p><p style=\"text-align: center;\"><strong>Para reservar tu hora de Hot Tub te recomendamos hacerlo al momento de reservar la caba\u00f1a o cuando hagas el check in. El valor del Hot Tub es de $30.000 y su duraci\u00f3n es de 1 hora y media. La sesi\u00f3n de sauna dura 1 hora y el valor es de $10.000 p\/p.<\/strong><\/p><p style=\"text-align: center;\"><strong><em>Los horarios est\u00e1n sujetos a disponibilidad.<\/em><\/strong><\/p><p>\u00a0<\/p>\t\t\t\t\t\t<\/div>\n\t\t\t\t<\/div>\n\t\t\t\t<div class=\"elementor-element elementor-element-e69ebb8 elementor-button-info elementor-align-center elementor-widget elementor-widget-button\" data-id=\"e69ebb8\" data-element_type=\"widget\" data-widget_type=\"button.default\">\n\t\t\t\t<div class=\"elementor-widget-container\">\n\t\t\t\t\t<div class=\"elementor-button-wrapper\">\n\t\t\t<a href=\"https:\/\/wa.me\/56982071236\" target=\"_blank\" class=\"elementor-button-link elementor-button elementor-size-sm\" role=\"button\">\n\t\t\t\t\t\t<span class=\"elementor-button-content-wrapper\">\n\t\t\t\t\t\t<span class=\"elementor-button-text\">Reservar Experiencia<\/span>\n\t\t<\/span>\n\t\t\t\t\t<\/a>\n\t\t<\/div>\n\t\t\t\t<\/div>\n\t\t\t\t<\/div>\n\t\t\t\t<div class=\"elementor-element elementor-element-fa5d5c8 gallery-spacing-custom elementor-widget elementor-widget-image-gallery\" data-id=\"fa5d5c8\" data-element_type=\"widget\" data-widget_type=\"image-gallery.default\">\n\t\t\t\t<div class=\"elementor-widget-container\">\n\t\t\t\t\t<div class=\"elementor-image-gallery\">\n\t\t\t<div id='gallery-1' class='gallery galleryid-452 gallery-columns-3 gallery-size-medium'><dl class='gallery-item'>\n\t\t\t<dt class='gallery-icon portrait'>\n\t\t\t\t<a data-elementor-open-lightbox=\"yes\" data-elementor-lightbox-slideshow=\"fa5d5c8\" data-elementor-lightbox-title=\"Tina Caliente\" data-e-action-hash=\"#elementor-action%3Aaction%3Dlightbox%26settings%3DeyJpZCI6MTM4NywidXJsIjoiaHR0cHM6XC9cL3d3dy5zaGFuZ3JpbGEuY2xcL3dwLWNvbnRlbnRcL3VwbG9hZHNcLzIwMjRcLzA4XC9EU0MwOTcwMy0xLXNjYWxlZC5qcGciLCJzbGlkZXNob3ciOiJmYTVkNWM4In0%3D\" href='https:\/\/www.shangrila.cl\/wp-content\/uploads\/2024\/08\/DSC09703-1-scaled.jpg'><img loading=\"lazy\" decoding=\"async\" width=\"350\" height=\"350\" src=\"https:\/\/www.shangrila.cl\/wp-content\/uploads\/2024\/08\/DSC09703-1-350x350.jpg\" class=\"attachment-medium size-medium\" alt=\"\" \/><\/a>\n\t\t\t<\/dt><\/dl><dl class='gallery-item'>\n\t\t\t<dt class='gallery-icon portrait'>\n\t\t\t\t<a data-elementor-open-lightbox=\"yes\" data-elementor-lightbox-slideshow=\"fa5d5c8\" data-elementor-lightbox-title=\"Masajes\" data-e-action-hash=\"#elementor-action%3Aaction%3Dlightbox%26settings%3DeyJpZCI6MTM4NiwidXJsIjoiaHR0cHM6XC9cL3d3dy5zaGFuZ3JpbGEuY2xcL3dwLWNvbnRlbnRcL3VwbG9hZHNcLzIwMjRcLzA4XC9EU0MwOTM0OS1zY2FsZWQuanBnIiwic2xpZGVzaG93IjoiZmE1ZDVjOCJ9\" href='https:\/\/www.shangrila.cl\/wp-content\/uploads\/2024\/08\/DSC09349-scaled.jpg'><img loading=\"lazy\" decoding=\"async\" width=\"350\" height=\"350\" src=\"https:\/\/www.shangrila.cl\/wp-content\/uploads\/2024\/08\/DSC09349-350x350.jpg\" class=\"attachment-medium size-medium\" alt=\"\" \/><\/a>\n\t\t\t<\/dt><\/dl><dl class='gallery-item'>\n\t\t\t<dt class='gallery-icon portrait'>\n\t\t\t\t<a data-elementor-open-lightbox=\"yes\" data-elementor-lightbox-slideshow=\"fa5d5c8\" data-elementor-lightbox-title=\"DSC08701-Mejorado-NR\" data-e-action-hash=\"#elementor-action%3Aaction%3Dlightbox%26settings%3DeyJpZCI6MjAzMSwidXJsIjoiaHR0cHM6XC9cL3d3dy5zaGFuZ3JpbGEuY2xcL3dwLWNvbnRlbnRcL3VwbG9hZHNcLzIwMjVcLzA2XC9EU0MwODcwMS1NZWpvcmFkby1OUi1zY2FsZWQuanBnIiwic2xpZGVzaG93IjoiZmE1ZDVjOCJ9\" href='https:\/\/www.shangrila.cl\/wp-content\/uploads\/2025\/06\/DSC08701-Mejorado-NR-scaled.jpg'><img loading=\"lazy\" decoding=\"async\" width=\"350\" height=\"350\" src=\"https:\/\/www.shangrila.cl\/wp-content\/uploads\/2025\/06\/DSC08701-Mejorado-NR-350x350.jpg\" class=\"attachment-medium size-medium\" alt=\"\" \/><\/a>\n\t\t\t<\/dt><\/dl><br style=\"clear: both\" \/><dl class='gallery-item'>\n\t\t\t<dt class='gallery-icon landscape'>\n\t\t\t\t<a data-elementor-open-lightbox=\"yes\" data-elementor-lightbox-slideshow=\"fa5d5c8\" data-elementor-lightbox-title=\"Tinaja Caliente\" data-e-action-hash=\"#elementor-action%3Aaction%3Dlightbox%26settings%3DeyJpZCI6MTM4OCwidXJsIjoiaHR0cHM6XC9cL3d3dy5zaGFuZ3JpbGEuY2xcL3dwLWNvbnRlbnRcL3VwbG9hZHNcLzIwMjRcLzA4XC9EU0MwMjkyMS1zY2FsZWQuanBnIiwic2xpZGVzaG93IjoiZmE1ZDVjOCJ9\" href='https:\/\/www.shangrila.cl\/wp-content\/uploads\/2024\/08\/DSC02921-scaled.jpg'><img loading=\"lazy\" decoding=\"async\" width=\"350\" height=\"350\" src=\"https:\/\/www.shangrila.cl\/wp-content\/uploads\/2024\/08\/DSC02921-350x350.jpg\" class=\"attachment-medium size-medium\" alt=\"\" \/><\/a>\n\t\t\t<\/dt><\/dl><dl class='gallery-item'>\n\t\t\t<dt class='gallery-icon landscape'>\n\t\t\t\t<a data-elementor-open-lightbox=\"yes\" data-elementor-lightbox-slideshow=\"fa5d5c8\" data-elementor-lightbox-title=\"DSC08636-Mejorado-NR\" data-e-action-hash=\"#elementor-action%3Aaction%3Dlightbox%26settings%3DeyJpZCI6MjAzMiwidXJsIjoiaHR0cHM6XC9cL3d3dy5zaGFuZ3JpbGEuY2xcL3dwLWNvbnRlbnRcL3VwbG9hZHNcLzIwMjVcLzA2XC9EU0MwODYzNi1NZWpvcmFkby1OUi1zY2FsZWQuanBnIiwic2xpZGVzaG93IjoiZmE1ZDVjOCJ9\" href='https:\/\/www.shangrila.cl\/wp-content\/uploads\/2025\/06\/DSC08636-Mejorado-NR-scaled.jpg'><img loading=\"lazy\" decoding=\"async\" width=\"350\" height=\"350\" src=\"https:\/\/www.shangrila.cl\/wp-content\/uploads\/2025\/06\/DSC08636-Mejorado-NR-350x350.jpg\" class=\"attachment-medium size-medium\" alt=\"\" \/><\/a>\n\t\t\t<\/dt><\/dl><dl class='gallery-item'>\n\t\t\t<dt class='gallery-icon landscape'>\n\t\t\t\t<a data-elementor-open-lightbox=\"yes\" data-elementor-lightbox-slideshow=\"fa5d5c8\" data-elementor-lightbox-title=\"DAF5501\" data-e-action-hash=\"#elementor-action%3Aaction%3Dlightbox%26settings%3DeyJpZCI6MTA2MSwidXJsIjoiaHR0cHM6XC9cL3d3dy5zaGFuZ3JpbGEuY2xcL3dwLWNvbnRlbnRcL3VwbG9hZHNcLzIwMjJcLzAxXC9EQUY1NTAxLmpwZyIsInNsaWRlc2hvdyI6ImZhNWQ1YzgifQ%3D%3D\" href='https:\/\/www.shangrila.cl\/wp-content\/uploads\/2022\/01\/DAF5501.jpg'><img loading=\"lazy\" decoding=\"async\" width=\"350\" height=\"350\" src=\"https:\/\/www.shangrila.cl\/wp-content\/uploads\/2022\/01\/DAF5501-350x350.jpg\" class=\"attachment-medium size-medium\" alt=\"\" \/><\/a>\n\t\t\t<\/dt><\/dl><br style=\"clear: both\" \/>\n\t\t<\/div>\n\t\t<\/div>\n\t\t\t\t<\/div>\n\t\t\t\t<\/div>\n\t\t\t\t\t<\/div>\n\t\t<\/div>\n\t\t\t\t\t\t\t<\/div>\n\t\t<\/section>\n\t\t\t\t\t\t\t<\/div>\n\t\t","protected":false},"excerpt":{"rendered":"<p>Shangri-La cuenta con un SPA a orillas de r\u00edo, en un lugar rodeado de naturaleza y sonidos de p\u00e1jaros un precioso lugar donde podr\u00e1s disfrutar de un masaje de relajaci\u00f3n, Hot Tub y sauna. Adem\u00e1s, durante el verano, realizamos los fines de semana una sesi\u00f3n de sonoterapia. Para reservar tu hora de Hot Tub te [&hellip;]<\/p>\n","protected":false},"author":2,"featured_media":0,"parent":0,"menu_order":0,"comment_status":"closed","ping_status":"closed","template":"","meta":{"footnotes":""},"class_list":["post-452","page","type-page","status-publish","hentry"],"_links":{"self":[{"href":"https:\/\/www.shangrila.cl\/en\/wp-json\/wp\/v2\/pages\/452","targetHints":{"allow":["GET"]}}],"collection":[{"href":"https:\/\/www.shangrila.cl\/en\/wp-json\/wp\/v2\/pages"}],"about":[{"href":"https:\/\/www.shangrila.cl\/en\/wp-json\/wp\/v2\/types\/page"}],"author":[{"embeddable":true,"href":"https:\/\/www.shangrila.cl\/en\/wp-json\/wp\/v2\/users\/2"}],"replies":[{"embeddable":true,"href":"https:\/\/www.shangrila.cl\/en\/wp-json\/wp\/v2\/comments?post=452"}],"version-history":[{"count":77,"href":"https:\/\/www.shangrila.cl\/en\/wp-json\/wp\/v2\/pages\/452\/revisions"}],"predecessor-version":[{"id":2035,"href":"https:\/\/www.shangrila.cl\/en\/wp-json\/wp\/v2\/pages\/452\/revisions\/2035"}],"wp:attachment":[{"href":"https:\/\/www.shangrila.cl\/en\/wp-json\/wp\/v2\/media?parent=452"}],"curies":[{"name":"wp","href":"https:\/\/api.w.org\/{rel}","templated":true}]}}